{"id":3908,"date":"2025-01-03T10:47:21","date_gmt":"2025-01-03T10:47:21","guid":{"rendered":"https:\/\/influencecompany.com\/om-os\/bliv-udbyder\/"},"modified":"2025-12-03T14:08:46","modified_gmt":"2025-12-03T14:08:46","slug":"bliv-udbyder","status":"publish","type":"page","link":"https:\/\/influencecompany.com\/dk\/om-os\/bliv-udbyder\/","title":{"rendered":"Bliv udbyder"},"content":{"rendered":"\t\t<div data-elementor-type=\"wp-page\" data-elementor-id=\"3908\" class=\"elementor elementor-3908 elementor-646\" data-elementor-post-type=\"page\">\n\t\t\t\t<div class=\"elementor-element elementor-element-dd8e5b8 e-flex e-con-boxed e-con e-child\" data-id=\"dd8e5b8\" data-element_type=\"container\" data-e-type=\"container\" data-settings=\"{&quot;background_background&quot;:&quot;classic&quot;,&quot;jet_parallax_layout_list&quot;:[]}\">\n\t\t\t\t\t<div class=\"e-con-inner\">\n\t\t<div class=\"elementor-element elementor-element-80c6d73 e-flex e-con-boxed e-con e-child\" data-id=\"80c6d73\" data-element_type=\"container\" data-e-type=\"container\" data-settings=\"{&quot;jet_parallax_layout_list&quot;:[],&quot;background_background&quot;:&quot;classic&quot;}\">\n\t\t\t\t\t<div class=\"e-con-inner\">\n\t\t<div class=\"elementor-element elementor-element-9375919 e-con-full e-flex e-con e-child\" data-id=\"9375919\" data-element_type=\"container\" data-e-type=\"container\" data-settings=\"{&quot;jet_parallax_layout_list&quot;:[]}\">\n\t\t\t\t<div class=\"elementor-element elementor-element-a45fd96 elementor-widget elementor-widget-heading\" data-id=\"a45fd96\" data-element_type=\"widget\" data-e-type=\"widget\" data-widget_type=\"heading.default\">\n\t\t\t\t<div class=\"elementor-widget-container\">\n\t\t\t\t\t<h1 class=\"elementor-heading-title elementor-size-default\">Bliv udbyder<\/h1>\t\t\t\t<\/div>\n\t\t\t\t<\/div>\n\t\t\t\t<\/div>\n\t\t\t\t\t<\/div>\n\t\t\t\t<\/div>\n\t\t\t\t\t<\/div>\n\t\t\t\t<\/div>\n\t\t<div class=\"elementor-element elementor-element-cb527c4 e-flex e-con-boxed e-con e-parent\" data-id=\"cb527c4\" data-element_type=\"container\" data-e-type=\"container\" data-settings=\"{&quot;jet_parallax_layout_list&quot;:[]}\">\n\t\t\t\t\t<div class=\"e-con-inner\">\n\t\t<div class=\"elementor-element elementor-element-9a21910 e-con-full e-flex e-con e-child\" data-id=\"9a21910\" data-element_type=\"container\" data-e-type=\"container\" data-settings=\"{&quot;jet_parallax_layout_list&quot;:[]}\">\n\t\t\t\t<div class=\"elementor-element elementor-element-95dc778 elementor-widget elementor-widget-heading\" data-id=\"95dc778\" data-element_type=\"widget\" data-e-type=\"widget\" data-widget_type=\"heading.default\">\n\t\t\t\t<div class=\"elementor-widget-container\">\n\t\t\t\t\t<h2 class=\"elementor-heading-title elementor-size-default\">Frig\u00f8r kraften i indflydelse<\/h2>\t\t\t\t<\/div>\n\t\t\t\t<\/div>\n\t\t\t\t<div class=\"elementor-element elementor-element-d44eb9b elementor-widget elementor-widget-text-editor\" data-id=\"d44eb9b\" data-element_type=\"widget\" data-e-type=\"widget\" data-widget_type=\"text-editor.default\">\n\t\t\t\t<div class=\"elementor-widget-container\">\n\t\t\t\t\t\t\t\t\t<p>Som en del af The Zuidema Group og stolt ejer af EMEA-masterlicensen, giver vores virksomhed, The Influence Company (TIC), enkeltpersoner og organisationer mulighed for at transformere deres interaktioner og opn\u00e5 enest\u00e5ende resultater, samtidig med at de plejer meningsfulde relationer.<\/p><p>I en verden, hvor positionel magt, politik og manipulation stadig hersker, er vi dedikerede til at g\u00f8re menneskelige interaktioner mere autentiske. Vores mission er simpel, men dybtg\u00e5ende: at udvikle positive indflydelsesevner hos s\u00e5 mange mennesker som muligt for at skabe en verden med behagelige samarbejder. Ved at finde den rette balance mellem at opn\u00e5 resultater og opbygge relationer, baner indflydelsesrige personer vejen for hurtigere, mere givende og yderst effektive samarbejder.  <\/p><p>Kernen i vores tilgang er Situational Influence Model\u00ae, en praktisk og letforst\u00e5elig ramme, der afd\u00e6kker kompleksiteten i menneskelige interaktioner i hverdagen. Med vores hj\u00e6lp vil du f\u00e5 en dyb forst\u00e5else af logikken bag disse interaktioner og l\u00e6re, hvordan du kan hj\u00e6lpe andre med at frig\u00f8re deres potentiale til at p\u00e5virke positivt. <\/p>\t\t\t\t\t\t\t\t<\/div>\n\t\t\t\t<\/div>\n\t\t\t\t<div class=\"elementor-element elementor-element-a91a63d elementor-widget elementor-widget-heading\" data-id=\"a91a63d\" data-element_type=\"widget\" data-e-type=\"widget\" data-widget_type=\"heading.default\">\n\t\t\t\t<div class=\"elementor-widget-container\">\n\t\t\t\t\t<h2 class=\"elementor-heading-title elementor-size-default\">Bliv en Situational Influence Model\u00ae-praktiker<\/h2>\t\t\t\t<\/div>\n\t\t\t\t<\/div>\n\t\t\t\t<div class=\"elementor-element elementor-element-048a84f elementor-widget elementor-widget-text-editor\" data-id=\"048a84f\" data-element_type=\"widget\" data-e-type=\"widget\" data-widget_type=\"text-editor.default\">\n\t\t\t\t<div class=\"elementor-widget-container\">\n\t\t\t\t\t\t\t\t\t<p>Som licenstager f\u00e5r du adgang til en r\u00e6kke ressourcer og muligheder for at udvikle dine evner inden for indflydelse og udvide din r\u00e6kkevidde. V\u00e6r med til at revolutionere den m\u00e5de, mennesker interagerer, samarbejder og skaber resultater sammen. Bliv licenstager af Situational Influence Model\u00ae!  <\/p><p>Kontakt os i dag for at starte din transformationsrejse og frig\u00f8re dit fulde potentiale som en indflydelsesrig leder inden for dit felt. Lad os sammen skabe en verden af harmoniske samarbejder og ekstraordin\u00e6re resultater med Situational Influence Model\u00ae. <\/p>\t\t\t\t\t\t\t\t<\/div>\n\t\t\t\t<\/div>\n\t\t\t\t<\/div>\n\t\t<div class=\"elementor-element elementor-element-1c217c5 e-con-full e-flex e-con e-child\" data-id=\"1c217c5\" data-element_type=\"container\" data-e-type=\"container\" data-settings=\"{&quot;jet_parallax_layout_list&quot;:[]}\">\n\t\t<div class=\"elementor-element elementor-element-eee8b68 e-con-full e-flex e-con e-child\" data-id=\"eee8b68\" data-element_type=\"container\" data-e-type=\"container\" data-settings=\"{&quot;background_background&quot;:&quot;classic&quot;,&quot;jet_parallax_layout_list&quot;:[]}\">\n\t\t\t\t<div class=\"elementor-element elementor-element-7b20692 elementor-widget elementor-widget-heading\" data-id=\"7b20692\" data-element_type=\"widget\" data-e-type=\"widget\" data-widget_type=\"heading.default\">\n\t\t\t\t<div class=\"elementor-widget-container\">\n\t\t\t\t\t<h3 class=\"elementor-heading-title elementor-size-default\">Udfyld formularen<\/h3>\t\t\t\t<\/div>\n\t\t\t\t<\/div>\n\t\t\t\t<div class=\"elementor-element elementor-element-8c5420e elementor-button-align-stretch elementor-widget elementor-widget-form\" data-id=\"8c5420e\" data-element_type=\"widget\" data-e-type=\"widget\" data-settings=\"{&quot;step_next_label&quot;:&quot;Next&quot;,&quot;step_previous_label&quot;:&quot;Previous&quot;,&quot;button_width&quot;:&quot;100&quot;,&quot;step_type&quot;:&quot;number_text&quot;,&quot;step_icon_shape&quot;:&quot;circle&quot;}\" data-widget_type=\"form.default\">\n\t\t\t\t<div class=\"elementor-widget-container\">\n\t\t\t\t\t\t\t<form class=\"elementor-form\" method=\"post\" name=\"New Licensee Form\" aria-label=\"New Licensee Form\">\n\t\t\t<input type=\"hidden\" name=\"post_id\" value=\"3908\"\/>\n\t\t\t<input type=\"hidden\" name=\"form_id\" value=\"8c5420e\"\/>\n\t\t\t<input type=\"hidden\" name=\"referer_title\" value=\"Bliv udbyder - The Influence Company\" \/>\n\n\t\t\t\t\t\t\t<input type=\"hidden\" name=\"queried_id\" value=\"3908\"\/>\n\t\t\t\n\t\t\t<div class=\"elementor-form-fields-wrapper elementor-labels-above\">\n\t\t\t\t\t\t\t\t<div class=\"elementor-field-type-hidden elementor-field-group elementor-column elementor-field-group-form_language elementor-col-100\">\n\t\t\t\t\t\t\t\t\t\t\t\t\t<input size=\"1\" type=\"hidden\" name=\"form_fields[form_language]\" id=\"form-field-form_language\" class=\"elementor-field elementor-size-sm  elementor-field-textual\" value=\"DK\">\n\t\t\t\t\t\t\t\t\t\t\t<\/div>\n\t\t\t\t\t\t\t\t<div class=\"elementor-field-type-hidden elementor-field-group elementor-column elementor-field-group-form_website elementor-col-100\">\n\t\t\t\t\t\t\t\t\t\t\t\t\t<input size=\"1\" type=\"hidden\" name=\"form_fields[form_website]\" id=\"form-field-form_website\" class=\"elementor-field elementor-size-sm  elementor-field-textual\" value=\"L2L\">\n\t\t\t\t\t\t\t\t\t\t\t<\/div>\n\t\t\t\t\t\t\t\t<div class=\"elementor-field-type-text elementor-field-group elementor-column elementor-field-group-first_name elementor-col-50 elementor-field-required elementor-mark-required\">\n\t\t\t\t\t\t\t\t\t\t\t\t<label for=\"form-field-first_name\" class=\"elementor-field-label\">\n\t\t\t\t\t\t\t\tFirst Name\t\t\t\t\t\t\t<\/label>\n\t\t\t\t\t\t\t\t\t\t\t\t\t\t<input size=\"1\" type=\"text\" name=\"form_fields[first_name]\" id=\"form-field-first_name\" class=\"elementor-field elementor-size-sm  elementor-field-textual\" placeholder=\"Fornavn\" required=\"required\">\n\t\t\t\t\t\t\t\t\t\t\t<\/div>\n\t\t\t\t\t\t\t\t<div class=\"elementor-field-type-text elementor-field-group elementor-column elementor-field-group-last_name elementor-col-50 elementor-field-required elementor-mark-required\">\n\t\t\t\t\t\t\t\t\t\t\t\t<label for=\"form-field-last_name\" class=\"elementor-field-label\">\n\t\t\t\t\t\t\t\tLast Name\t\t\t\t\t\t\t<\/label>\n\t\t\t\t\t\t\t\t\t\t\t\t\t\t<input size=\"1\" type=\"text\" name=\"form_fields[last_name]\" id=\"form-field-last_name\" class=\"elementor-field elementor-size-sm  elementor-field-textual\" placeholder=\"Efternavn\" required=\"required\">\n\t\t\t\t\t\t\t\t\t\t\t<\/div>\n\t\t\t\t\t\t\t\t<div class=\"elementor-field-type-email elementor-field-group elementor-column elementor-field-group-email elementor-col-100 elementor-field-required elementor-mark-required\">\n\t\t\t\t\t\t\t\t\t\t\t\t<label for=\"form-field-email\" class=\"elementor-field-label\">\n\t\t\t\t\t\t\t\tEmail\t\t\t\t\t\t\t<\/label>\n\t\t\t\t\t\t\t\t\t\t\t\t\t\t<input size=\"1\" type=\"email\" name=\"form_fields[email]\" id=\"form-field-email\" class=\"elementor-field elementor-size-sm  elementor-field-textual\" placeholder=\"E-mail\" required=\"required\">\n\t\t\t\t\t\t\t\t\t\t\t<\/div>\n\t\t\t\t\t\t\t\t<div class=\"elementor-field-type-text elementor-field-group elementor-column elementor-field-group-company_name elementor-col-100 elementor-field-required elementor-mark-required\">\n\t\t\t\t\t\t\t\t\t\t\t\t<label for=\"form-field-company_name\" class=\"elementor-field-label\">\n\t\t\t\t\t\t\t\tCompany Name\t\t\t\t\t\t\t<\/label>\n\t\t\t\t\t\t\t\t\t\t\t\t\t\t<input size=\"1\" type=\"text\" name=\"form_fields[company_name]\" id=\"form-field-company_name\" class=\"elementor-field elementor-size-sm  elementor-field-textual\" placeholder=\"Firma\" required=\"required\">\n\t\t\t\t\t\t\t\t\t\t\t<\/div>\n\t\t\t\t\t\t\t\t<div class=\"elementor-field-type-textarea elementor-field-group elementor-column elementor-field-group-message elementor-col-100 elementor-field-required elementor-mark-required\">\n\t\t\t\t\t\t\t\t\t\t\t\t<label for=\"form-field-message\" class=\"elementor-field-label\">\n\t\t\t\t\t\t\t\tMessage\t\t\t\t\t\t\t<\/label>\n\t\t\t\t\t\t<textarea class=\"elementor-field-textual elementor-field  elementor-size-sm\" name=\"form_fields[message]\" id=\"form-field-message\" rows=\"4\" placeholder=\"Hvordan kan vi hj\u00e6lpe?\" required=\"required\"><\/textarea>\t\t\t\t<\/div>\n\t\t\t\t\t\t\t\t<div class=\"elementor-field-type-acceptance elementor-field-group elementor-column elementor-field-group-terms_conditions elementor-col-100\">\n\t\t\t\t\t\t\t\t\t\t\t\t<label for=\"form-field-terms_conditions\" class=\"elementor-field-label\">\n\t\t\t\t\t\t\t\tFor at sende formularen skal du acceptere vores <u><a href=\"https:\/\/influencecompany.com\/terms-and-conditions\/\" target=\"_blank\">vilk\u00e5r og betingelser<\/a><\/u>. Bem\u00e6rk ogs\u00e5 vores <u><a href=\"https:\/\/influencecompany.com\/privacy-statement\/\" target=\"_blank\">persondatapolitik<\/a><\/u>.<br><br>\t\t\t\t\t\t\t<\/label>\n\t\t\t\t\t\t\t\t<div class=\"elementor-field-subgroup\">\n\t\t\t<span class=\"elementor-field-option\">\n\t\t\t\t<input type=\"checkbox\" name=\"form_fields[terms_conditions]\" id=\"form-field-terms_conditions\" class=\"elementor-field elementor-size-sm  elementor-acceptance-field\">\n\t\t\t\t<label for=\"form-field-terms_conditions\">Ja, jeg accepterer vilk\u00e5r og betingelser.<\/label>\t\t\t<\/span>\n\t\t<\/div>\n\t\t\t\t\t\t<\/div>\n\t\t\t\t\t\t\t\t<div class=\"elementor-field-type-recaptcha_v3 elementor-field-group elementor-column elementor-field-group-recaptcha elementor-col-100 recaptcha_v3-bottomright\">\n\t\t\t\t\t<div class=\"elementor-field\" id=\"form-field-recaptcha\"><div class=\"elementor-g-recaptcha\" data-sitekey=\"6LcJThwrAAAAACLvszQXmfsYtjF-ZhH7FANabIXp\" data-type=\"v3\" data-action=\"Form\" data-badge=\"bottomright\" data-size=\"invisible\"><\/div><\/div>\t\t\t\t<\/div>\n\t\t\t\t\t\t\t\t<div class=\"elementor-field-group elementor-column elementor-field-type-submit elementor-col-100 e-form__buttons\">\n\t\t\t\t\t<button class=\"elementor-button elementor-size-sm\" type=\"submit\">\n\t\t\t\t\t\t<span class=\"elementor-button-content-wrapper\">\n\t\t\t\t\t\t\t\t\t\t\t\t\t\t\t\t\t\t\t\t\t\t<span class=\"elementor-button-text\">Please contact me<\/span>\n\t\t\t\t\t\t\t\t\t\t\t\t\t<\/span>\n\t\t\t\t\t<\/button>\n\t\t\t\t<\/div>\n\t\t\t<\/div>\n\t\t<\/form>\n\t\t\t\t\t\t<\/div>\n\t\t\t\t<\/div>\n\t\t\t\t<\/div>\n\t\t\t\t<\/div>\n\t\t\t\t\t<\/div>\n\t\t\t\t<\/div>\n\t\t\t\t<\/div>\n\t\t","protected":false},"excerpt":{"rendered":"<p>Bliv udbyder Frig\u00f8r kraften i indflydelse Som en del af The Zuidema Group og stolt ejer af EMEA-masterlicensen, giver vores virksomhed, The Influence Company (TIC), enkeltpersoner og organisationer mulighed for at transformere deres interaktioner og opn\u00e5 enest\u00e5ende resultater, samtidig med at de plejer meningsfulde relationer. I en verden, hvor positionel magt, politik og manipulation stadig [&hellip;]<\/p>\n","protected":false},"author":1,"featured_media":0,"parent":3875,"menu_order":0,"comment_status":"closed","ping_status":"closed","template":"","meta":{"footnotes":""},"class_list":["post-3908","page","type-page","status-publish","hentry"],"yoast_head":"<!-- This site is optimized with the Yoast SEO plugin v27.4 - https:\/\/yoast.com\/product\/yoast-seo-wordpress\/ -->\n<title>Bliv udbyder - The Influence Company<\/title>\n<meta name=\"robots\" content=\"index, follow, max-snippet:-1, max-image-preview:large, max-video-preview:-1\" \/>\n<link rel=\"canonical\" href=\"https:\/\/influencecompany.com\/dk\/om-os\/bliv-udbyder\/\" \/>\n<meta property=\"og:locale\" content=\"da_DK\" \/>\n<meta property=\"og:type\" content=\"article\" \/>\n<meta property=\"og:title\" content=\"Bliv udbyder - The Influence Company\" \/>\n<meta property=\"og:description\" content=\"Bliv udbyder Frig\u00f8r kraften i indflydelse Som en del af The Zuidema Group og stolt ejer af EMEA-masterlicensen, giver vores virksomhed, The Influence Company (TIC), enkeltpersoner og organisationer mulighed for at transformere deres interaktioner og opn\u00e5 enest\u00e5ende resultater, samtidig med at de plejer meningsfulde relationer. I en verden, hvor positionel magt, politik og manipulation stadig [&hellip;]\" \/>\n<meta property=\"og:url\" content=\"https:\/\/influencecompany.com\/dk\/om-os\/bliv-udbyder\/\" \/>\n<meta property=\"og:site_name\" content=\"The Influence Company\" \/>\n<meta property=\"article:modified_time\" content=\"2025-12-03T14:08:46+00:00\" \/>\n<meta name=\"twitter:card\" content=\"summary_large_image\" \/>\n<meta name=\"twitter:label1\" content=\"Estimeret l\u00e6setid\" \/>\n\t<meta name=\"twitter:data1\" content=\"2 minutter\" \/>\n<!-- \/ Yoast SEO plugin. -->","yoast_head_json":{"title":"Bliv udbyder - The Influence Company","robots":{"index":"index","follow":"follow","max-snippet":"max-snippet:-1","max-image-preview":"max-image-preview:large","max-video-preview":"max-video-preview:-1"},"canonical":"https:\/\/influencecompany.com\/dk\/om-os\/bliv-udbyder\/","og_locale":"da_DK","og_type":"article","og_title":"Bliv udbyder - The Influence Company","og_description":"Bliv udbyder Frig\u00f8r kraften i indflydelse Som en del af The Zuidema Group og stolt ejer af EMEA-masterlicensen, giver vores virksomhed, The Influence Company (TIC), enkeltpersoner og organisationer mulighed for at transformere deres interaktioner og opn\u00e5 enest\u00e5ende resultater, samtidig med at de plejer meningsfulde relationer. I en verden, hvor positionel magt, politik og manipulation stadig [&hellip;]","og_url":"https:\/\/influencecompany.com\/dk\/om-os\/bliv-udbyder\/","og_site_name":"The Influence Company","article_modified_time":"2025-12-03T14:08:46+00:00","twitter_card":"summary_large_image","twitter_misc":{"Estimeret l\u00e6setid":"2 minutter"},"schema":{"@context":"https:\/\/schema.org","@graph":[{"@type":"WebPage","@id":"https:\/\/influencecompany.com\/dk\/om-os\/bliv-udbyder\/","url":"https:\/\/influencecompany.com\/dk\/om-os\/bliv-udbyder\/","name":"Bliv udbyder - The Influence Company","isPartOf":{"@id":"https:\/\/influencecompany.com\/dk\/#website"},"datePublished":"2025-01-03T10:47:21+00:00","dateModified":"2025-12-03T14:08:46+00:00","breadcrumb":{"@id":"https:\/\/influencecompany.com\/dk\/om-os\/bliv-udbyder\/#breadcrumb"},"inLanguage":"da-DK","potentialAction":[{"@type":"ReadAction","target":["https:\/\/influencecompany.com\/dk\/om-os\/bliv-udbyder\/"]}]},{"@type":"BreadcrumbList","@id":"https:\/\/influencecompany.com\/dk\/om-os\/bliv-udbyder\/#breadcrumb","itemListElement":[{"@type":"ListItem","position":1,"name":"Home","item":"https:\/\/influencecompany.com\/dk\/"},{"@type":"ListItem","position":2,"name":"Om os","item":"https:\/\/influencecompany.com\/dk\/about-us\/"},{"@type":"ListItem","position":3,"name":"Bliv udbyder"}]},{"@type":"WebSite","@id":"https:\/\/influencecompany.com\/dk\/#website","url":"https:\/\/influencecompany.com\/dk\/","name":"The Influence Company","description":"Work on your Influence skills","publisher":{"@id":"https:\/\/influencecompany.com\/dk\/#organization"},"potentialAction":[{"@type":"SearchAction","target":{"@type":"EntryPoint","urlTemplate":"https:\/\/influencecompany.com\/dk\/?s={search_term_string}"},"query-input":{"@type":"PropertyValueSpecification","valueRequired":true,"valueName":"search_term_string"}}],"inLanguage":"da-DK"},{"@type":"Organization","@id":"https:\/\/influencecompany.com\/dk\/#organization","name":"The Influence Company","url":"https:\/\/influencecompany.com\/dk\/","logo":{"@type":"ImageObject","inLanguage":"da-DK","@id":"https:\/\/influencecompany.com\/dk\/#\/schema\/logo\/image\/","url":"https:\/\/influencecompany.com\/wp-content\/uploads\/2025\/05\/tic-logo-light.png","contentUrl":"https:\/\/influencecompany.com\/wp-content\/uploads\/2025\/05\/tic-logo-light.png","width":768,"height":163,"caption":"The Influence Company"},"image":{"@id":"https:\/\/influencecompany.com\/dk\/#\/schema\/logo\/image\/"}}]}},"_links":{"self":[{"href":"https:\/\/influencecompany.com\/dk\/wp-json\/wp\/v2\/pages\/3908","targetHints":{"allow":["GET"]}}],"collection":[{"href":"https:\/\/influencecompany.com\/dk\/wp-json\/wp\/v2\/pages"}],"about":[{"href":"https:\/\/influencecompany.com\/dk\/wp-json\/wp\/v2\/types\/page"}],"author":[{"embeddable":true,"href":"https:\/\/influencecompany.com\/dk\/wp-json\/wp\/v2\/users\/1"}],"replies":[{"embeddable":true,"href":"https:\/\/influencecompany.com\/dk\/wp-json\/wp\/v2\/comments?post=3908"}],"version-history":[{"count":40,"href":"https:\/\/influencecompany.com\/dk\/wp-json\/wp\/v2\/pages\/3908\/revisions"}],"predecessor-version":[{"id":12296,"href":"https:\/\/influencecompany.com\/dk\/wp-json\/wp\/v2\/pages\/3908\/revisions\/12296"}],"up":[{"embeddable":true,"href":"https:\/\/influencecompany.com\/dk\/wp-json\/wp\/v2\/pages\/3875"}],"wp:attachment":[{"href":"https:\/\/influencecompany.com\/dk\/wp-json\/wp\/v2\/media?parent=3908"}],"curies":[{"name":"wp","href":"https:\/\/api.w.org\/{rel}","templated":true}]}}